{"id":45,"date":"2020-07-30T19:16:06","date_gmt":"2020-07-30T19:16:06","guid":{"rendered":"https:\/\/roment.romaedu.org\/?page_id=45"},"modified":"2020-07-30T19:16:06","modified_gmt":"2020-07-30T19:16:06","slug":"bookings","status":"publish","type":"page","link":"https:\/\/roment.net\/?page_id=45","title":{"rendered":"Bookings"},"content":{"rendered":"\n<p>Im Aufbau<\/p>\n\n\n\n<p><\/p>\n\n\n\n<p>Hier werden Sie unsere K\u00fcnstler und K\u00fcnstlerinnen dierekt buchen k\u00f6nnen.<\/p>\n","protected":false},"excerpt":{"rendered":"<p>Im Aufbau Hier werden Sie unsere K\u00fcnstler und K\u00fcnstlerinnen dierekt buchen k\u00f6nnen.<\/p>\n","protected":false},"author":2,"featured_media":0,"parent":0,"menu_order":0,"comment_status":"closed","ping_status":"closed","template":"","meta":{"footnotes":""},"aioseo_notices":[],"_links":{"self":[{"href":"https:\/\/roment.net\/index.php?rest_route=\/wp\/v2\/pages\/45"}],"collection":[{"href":"https:\/\/roment.net\/index.php?rest_route=\/wp\/v2\/pages"}],"about":[{"href":"https:\/\/roment.net\/index.php?rest_route=\/wp\/v2\/types\/page"}],"author":[{"embeddable":true,"href":"https:\/\/roment.net\/index.php?rest_route=\/wp\/v2\/users\/2"}],"replies":[{"embeddable":true,"href":"https:\/\/roment.net\/index.php?rest_route=%2Fwp%2Fv2%2Fcomments&post=45"}],"version-history":[{"count":0,"href":"https:\/\/roment.net\/index.php?rest_route=\/wp\/v2\/pages\/45\/revisions"}],"wp:attachment":[{"href":"https:\/\/roment.net\/index.php?rest_route=%2Fwp%2Fv2%2Fmedia&parent=45"}],"curies":[{"name":"wp","href":"https:\/\/api.w.org\/{rel}","templated":true}]}}