{"id":47,"date":"2020-07-30T19:16:06","date_gmt":"2020-07-30T19:16:06","guid":{"rendered":"https:\/\/roment.romaedu.org\/?page_id=47"},"modified":"2020-07-30T19:16:06","modified_gmt":"2020-07-30T19:16:06","slug":"join","status":"publish","type":"page","link":"https:\/\/roment.net\/","title":{"rendered":"Join"},"content":{"rendered":"\n<p class=\"has-text-align-center\"><span class=\"has-inline-color has-vivid-red-color\"><strong>DAS WICHTIGSTE!!! <\/strong><\/span><\/p>\n\n\n\n<p class=\"has-text-align-center\"><span class=\"has-inline-color has-vivid-red-color\">IHR D\u00dcRFT NUR MUSIK \u00dcBER UNS VERMARKTEN, AN DER IHR 100{8e3ead0fbb7b1598c0e49f60d394044b92d74dccc2847524bb61c399e86f7da4} DER RECHTE BESITZT. BEI RECHTE VERST\u00d6SSEN, WERDEN WIR ALLE VERANTWORTUNG VON UNS WEISEN UND EURE DATEN AN DIE KL\u00c4GERSEITE WEITERGEBEN. <\/span><\/p>\n\n\n\n<p><strong>SONG ODER ALBUM:<\/strong><\/p>\n\n\n\n<p><strong><em>1.<\/em><\/strong><em style=\"font-weight: bold;\">Song Format:<\/em><\/p>\n\n\n\n<ul><li>.WAV oder .FLACC<\/li><\/ul>\n\n\n\n<p>Wir empfehlen f\u00fcr die \u00dcbermittlung <a href=\"http:\/\/WeTransfer.com\">WeTransfer.com<\/a> ansonsten jeder song einzeln per <a href=\"mailto:RomEntNet@power.ms\">Email<\/a>.<\/p>\n\n\n\n<p><em><strong>2. Wichtige Angaben f\u00fcr jeden Song:<\/strong><\/em><\/p>\n\n\n\n<ul><li>Sprache<\/li><li>Interpret\/Performer<\/li><li>Produzent<\/li><li>Titel<\/li><li>Komponist* <\/li><li>Texter<\/li><li>Genre (Musikstil), wenn ihr Tradionelle Musik= Folklore<\/li><li>Wenn zutreffend: Produzent, Arrangeur, Feat., Remixer, Version, Explit (also nicht Jugendfrei, bitte angeben), <\/li><li>wenn ihr wollt k\u00f6nnt ihr uns angeben wo die 30 Sekunden reinh\u00f6ren beginnen sollen, sonst entscheiden wir das.<\/li><\/ul>\n\n\n\n<p>*(nur richtiger Name, kein K\u00fcnstlername)<\/p>\n\n\n\n<p>3. <strong><em>COVER (Song und Album)<\/em><\/strong><\/p>\n\n\n\n<p>Wir \u00fcbernehmen eine einfache Cover Gestaltung f\u00fcr deine Ver\u00f6ffentlichung bei uns.<\/p>\n\n\n\n<p>Ihr k\u00f6nnt aber auch selbst eine quadratische .jpg Datei zu jedem Song mitschicken. Aufl\u00f6sung bitte mind. 2.000 X 2.000 Pixel.<\/p>\n\n\n\n<p><em><strong>4. ANMELDUNG:<\/strong><\/em><\/p>\n\n\n\n<p>Einen kleinen, kurzen Vertrag m\u00fcssen wir schlie\u00dfen.<\/p>\n\n\n\n<p>Ihr bekommt diesen Per Post von uns.<\/p>\n\n\n\n<p>Schreibt uns eine Email oder ruft an wenn ihr wollt.<\/p>\n\n\n\n<p>Dieser Vertrag regelt unseren Service, Geb\u00fchren, Konsequenzen bei Urheberrechtsverletzungen und die Aufteilung der erzielten Erl\u00f6se.<\/p>\n\n\n\n<p>5. <strong><em>K\u00dcNSTERSEITE auf dem Rom Entertainment Network<\/em><\/strong><\/p>\n\n\n\n<p>Schicke uns gerne Texte und Bilder mit den Informationen zu dir und deiner Arbeit. <\/p>\n\n\n\n<p>Gerne kannst du uns auch deine Sozialen Netzwerke mitteilen, wir verlinken dies gerne auf deiner Seite. <\/p>\n\n\n\n<p>Die Erstellung deiner Seite ist Kostenlos. <\/p>\n\n\n\n<p>Du erh\u00e4lst eine Rom Entertainment Network Seite mit einem direkten Link. z.B. www.RomEnt.Net\/Dein.K\u00fcnstlername<\/p>\n\n\n\n<p><strong><em>6. BOOKINGS ist im Aufbau<\/em><\/strong><\/p>\n\n\n\n<p>Diese Option ist Nat\u00fcrlich frei und soll es erm\u00f6glichen euch \u00fcber das www.RomEnt.Net f\u00fcr Live Auftritte zu buchen.<\/p>\n\n\n\n<p>Wir arbeiten daran dieses schnellst m\u00f6glich umzusetzen.<\/p>\n\n\n\n<p>L\u00d6SCHUNG VON SONGS UND BEENDIGUNG DER KOOPERATION<\/p>\n\n\n\n<p>Wir behalten uns vor Rechtliche Anspr\u00fcche direkt weiterzugeben. Die L\u00f6schung von Songs, geht jederzeit ist jedoch mit Kosten verbunden die wir direkt an euch weitergeben m\u00fcssen. <em><strong>Pro gel\u00f6schten Song fallen 50\u20ac Bearbeitungsgeb\u00fchren an.<\/strong><\/em> Diese Kosten m\u00fcssen von euch getragen werden da wir im Rahmen unserer gemeinsamen Kooperation bereits die Geb\u00fchren f\u00fcr die Einstellung des Songs getragen haben. <\/p>\n\n\n\n<p>Ansonsten k\u00f6nnt ihr, wenn ihr z.B. einen neuen Vertrag bei einem anderen Label unterzeichnen wollt, gerne mit uns Kontakt aufnehmen, wir legen euch keine Steine in den Weg. Das Rom Entainment Network m\u00f6chte Roma K\u00fcnstler und Roma Kultur f\u00f6rdern, dieses ist unser erstes Ziel. Wenn ihr Ehrenleute seid, werdet ihr uns schon nicht vergessen. <\/p>\n","protected":false},"excerpt":{"rendered":"<p>DAS WICHTIGSTE!!! IHR D\u00dcRFT NUR MUSIK \u00dcBER UNS VERMARKTEN, AN DER IHR 100{8e3ead0fbb7b1598c0e49f60d394044b92d74dccc2847524bb61c399e86f7da4} DER RECHTE BESITZT. BEI RECHTE VERST\u00d6SSEN, WERDEN [&hellip;]<\/p>\n","protected":false},"author":2,"featured_media":0,"parent":0,"menu_order":0,"comment_status":"closed","ping_status":"closed","template":"","meta":{"footnotes":""},"aioseo_notices":[],"_links":{"self":[{"href":"https:\/\/roment.net\/index.php?rest_route=\/wp\/v2\/pages\/47"}],"collection":[{"href":"https:\/\/roment.net\/index.php?rest_route=\/wp\/v2\/pages"}],"about":[{"href":"https:\/\/roment.net\/index.php?rest_route=\/wp\/v2\/types\/page"}],"author":[{"embeddable":true,"href":"https:\/\/roment.net\/index.php?rest_route=\/wp\/v2\/users\/2"}],"replies":[{"embeddable":true,"href":"https:\/\/roment.net\/index.php?rest_route=%2Fwp%2Fv2%2Fcomments&post=47"}],"version-history":[{"count":0,"href":"https:\/\/roment.net\/index.php?rest_route=\/wp\/v2\/pages\/47\/revisions"}],"wp:attachment":[{"href":"https:\/\/roment.net\/index.php?rest_route=%2Fwp%2Fv2%2Fmedia&parent=47"}],"curies":[{"name":"wp","href":"https:\/\/api.w.org\/{rel}","templated":true}]}}