{"id":8,"date":"2020-07-30T18:57:27","date_gmt":"2020-07-30T18:57:27","guid":{"rendered":"https:\/\/roment.romaedu.org\/?page_id=8"},"modified":"2023-10-01T22:43:34","modified_gmt":"2023-10-01T22:43:34","slug":"kontakt","status":"publish","type":"page","link":"https:\/\/roment.net\/?page_id=8","title":{"rendered":"Datenschutz, Kontakt &#038; Impressum"},"content":{"rendered":"\n<figure class=\"wp-block-embed is-type-wp-embed is-provider-roma-burger-zentrum wp-block-embed-roma-burger-zentrum\"><div class=\"wp-block-embed__wrapper\">\n<blockquote class=\"wp-embedded-content\" data-secret=\"rblew9h9Tn\"><a href=\"https:\/\/romacitizencenter.org\/kontakt-formular-rom-entertainment-network\/\">Kontakt Formular Rom Entertainment Network<\/a><\/blockquote><iframe class=\"wp-embedded-content\" sandbox=\"allow-scripts\" security=\"restricted\" style=\"position: absolute; clip: rect(1px, 1px, 1px, 1px);\" title=\"&#8222;Kontakt Formular Rom Entertainment Network&#8220; &#8212; Roma B\u00fcrger Zentrum \" src=\"https:\/\/romacitizencenter.org\/kontakt-formular-rom-entertainment-network\/embed\/#?secret=PZ0Kdb4Gev#?secret=rblew9h9Tn\" data-secret=\"rblew9h9Tn\" width=\"600\" height=\"338\" frameborder=\"0\" marginwidth=\"0\" marginheight=\"0\" scrolling=\"no\"><\/iframe>\n<\/div><\/figure>\n\n\n\n<p><strong>Adresse:<\/strong><br>Rom Entertainment Network<\/p>\n\n\n\n<p>PO Box 700 227<\/p>\n\n\n\n<p>D- 22002 Hamburg<\/p>\n\n\n\n<p><strong>Tel.:<\/strong>&nbsp;+49 (0) 176 6094 9680<\/p>\n\n\n\n<p><strong><a href=\"mailto:RomEntNet@power.ms\">Email<\/a><\/strong><\/p>\n\n\n\n<p><a href=\"https:\/\/www.facebook.com\/RomEntertainmentNetwork\/\">Facebook<\/a><\/p>\n\n\n\n<p><a href=\"https:\/\/www.youtube.com\/channel\/UCcBjluuzBBBOZpHA1Hnb4tQ\">Youtube<\/a><\/p>\n\n\n\n<h2 class=\"wp-block-heading\">Datenschutzerkl\u00e4rung:<\/h2>\n\n\n\n<figure class=\"wp-block-embed is-type-wp-embed is-provider-roma-burger-zentrum wp-block-embed-roma-burger-zentrum\"><div class=\"wp-block-embed__wrapper\">\n<blockquote class=\"wp-embedded-content\" data-secret=\"ZoGpJBYDEC\"><a href=\"https:\/\/romacitizencenter.org\/datenschutz-kontakt-formular-roment-net\/\">Datenschutz Kontakt Formular RomEnt.net<\/a><\/blockquote><iframe class=\"wp-embedded-content\" sandbox=\"allow-scripts\" security=\"restricted\" style=\"position: absolute; clip: rect(1px, 1px, 1px, 1px);\" title=\"&#8222;Datenschutz Kontakt Formular RomEnt.net&#8220; &#8212; Roma B\u00fcrger Zentrum \" src=\"https:\/\/romacitizencenter.org\/datenschutz-kontakt-formular-roment-net\/embed\/#?secret=uXQaxU69HI#?secret=ZoGpJBYDEC\" data-secret=\"ZoGpJBYDEC\" width=\"600\" height=\"338\" frameborder=\"0\" marginwidth=\"0\" marginheight=\"0\" scrolling=\"no\"><\/iframe>\n<\/div><\/figure>\n\n\n\n<p>Diese Datenschutzerkl\u00e4rung beschreibt, wie der Bildungsverein der Roma zu Hamburg e.V. [Betreiber von RomEnt.net] (nachfolgend \u201ewir\u201c, \u201euns\u201c oder \u201eunser Unternehmen\u201c) personenbezogene Daten erhebt, verwendet und sch\u00fctzt.<\/p>\n\n\n\n<p><strong>1. Erhebung von personenbezogenen Daten<\/strong><\/p>\n\n\n\n<p>Wir k\u00f6nnen verschiedene Arten von personenbezogenen Daten sammeln, einschlie\u00dflich, aber nicht beschr\u00e4nkt auf Name, Adresse, E-Mail-Adresse, Telefonnummer, Mitgliedschaftsinformationen und andere relevante Informationen, die notwendig sind, um unsere Dienstleistungen anzubieten.<\/p>\n\n\n\n<p><strong>2. Verwendung von personenbezogenen Daten<\/strong><\/p>\n\n\n\n<p>Wir verwenden Ihre personenbezogenen Daten ausschlie\u00dflich zu den folgenden Zwecken:<\/p>\n\n\n\n<ul>\n<li>Zur Verwaltung von Anmeldungsdaten, nutzen wir das Sichere Roma System des&nbsp;<a href=\"https:\/\/romacitizencenter.org\/\">Roma B\u00fcrger Zentrums<\/a>.<\/li>\n\n\n\n<li>Zur Ausstellung von Mitgliedskarten \/ RomaNation Citizenship ID im Rahmen der virtuellen Online Demokratie RomaNation.org, nutzen wir das Sichere Roma System des&nbsp;<a href=\"https:\/\/romacitizencenter.org\/\">Roma B\u00fcrger Zentrums<\/a><\/li>\n\n\n\n<li>F\u00fcr Datenschutzdienstleistungen nutzen wir das Sichere Roma System des&nbsp;<a href=\"https:\/\/romacitizencenter.org\/\">Roma B\u00fcrger Zentrums<\/a>, einschlie\u00dflich der sicheren \u00dcbertragung von Daten und mehrfacher analoger Sicherung.<\/li>\n\n\n\n<li>Zur Erbringung von Software-Dienstleistungen, um Ihre individuellen Anforderungen zu erf\u00fcllen nutzen wir das Sichere Roma System des&nbsp;<a href=\"https:\/\/romacitizencenter.org\/\">Roma B\u00fcrger Zentrums<\/a>.<\/li>\n<\/ul>\n\n\n\n<p><strong>3. Datensicherheit<\/strong><\/p>\n\n\n\n<p>Der Schutz Ihrer Daten ist von gr\u00f6\u00dfter Bedeutung. Wir setzen umfassende technische und organisatorische Ma\u00dfnahmen ein, um sicherzustellen, dass Ihre Daten sicher und vor unbefugtem Zugriff gesch\u00fctzt sind.<\/p>\n\n\n\n<p><strong>4. Weitergabe von personenbezogenen Daten<\/strong><\/p>\n\n\n\n<p>Wir geben Ihre personenbezogenen Daten nicht an Dritte weiter, es sei denn, dies ist gesetzlich vorgeschrieben im einem Strafverfahren oder f\u00fcr die Erbringung unserer Dienstleistungen erforderlich.<\/p>\n\n\n\n<p><strong>5. Datenschutz f\u00fcr die Roma-Gemeinschaft<\/strong><\/p>\n\n\n\n<p>Wir verstehen die besondere Sensibilit\u00e4t des Datenschutzes f\u00fcr die Roma-Gemeinschaft. Die schrecklichen Ereignisse des Holocausts gegen die europ\u00e4ischen Roma dienen als Erinnerung daran, wie wichtig es ist, unsere Gemeinschaft zu sch\u00fctzen.<\/p>\n\n\n\n<p><strong>6. Ihre Rechte<\/strong><\/p>\n\n\n\n<p>Sie haben das Recht, auf Ihre personenbezogenen Daten zuzugreifen, sie zu berichtigen, zu l\u00f6schen oder ihrer Verarbeitung zu widersprechen. Bitte kontaktieren Sie uns, wenn Sie von einem dieser Rechte Gebrauch machen m\u00f6chten.<\/p>\n\n\n\n<p><strong>7. \u00c4nderungen dieser Datenschutzerkl\u00e4rung<\/strong><\/p>\n\n\n\n<p>Diese Datenschutzerkl\u00e4rung kann von Zeit zu Zeit aktualisiert werden, um \u00c4nderungen in unseren Gesch\u00e4ftspraktiken oder rechtlichen Anforderungen widerzuspiegeln. Bitte \u00fcberpr\u00fcfen Sie regelm\u00e4\u00dfig diese Seite, um auf dem neuesten Stand zu bleiben.<\/p>\n\n\n\n<p><strong>8. Kontaktieren Sie uns<\/strong><\/p>\n\n\n\n<p>Wenn Sie Fragen oder Bedenken bez\u00fcglich dieser Datenschutzerkl\u00e4rung oder der Verarbeitung Ihrer personenbezogenen Daten haben, kontaktieren Sie uns bitte unter:<\/p>\n\n\n\n<figure class=\"wp-block-embed is-type-wp-embed is-provider-roma-burger-zentrum wp-block-embed-roma-burger-zentrum\"><div class=\"wp-block-embed__wrapper\">\n<blockquote class=\"wp-embedded-content\" data-secret=\"ZoGpJBYDEC\"><a href=\"https:\/\/romacitizencenter.org\/datenschutz-kontakt-formular-roment-net\/\">Datenschutz Kontakt Formular RomEnt.net<\/a><\/blockquote><iframe class=\"wp-embedded-content\" sandbox=\"allow-scripts\" security=\"restricted\" style=\"position: absolute; clip: rect(1px, 1px, 1px, 1px);\" title=\"&#8222;Datenschutz Kontakt Formular RomEnt.net&#8220; &#8212; Roma B\u00fcrger Zentrum \" src=\"https:\/\/romacitizencenter.org\/datenschutz-kontakt-formular-roment-net\/embed\/#?secret=uXQaxU69HI#?secret=ZoGpJBYDEC\" data-secret=\"ZoGpJBYDEC\" width=\"600\" height=\"338\" frameborder=\"0\" marginwidth=\"0\" marginheight=\"0\" scrolling=\"no\"><\/iframe>\n<\/div><\/figure>\n","protected":false},"excerpt":{"rendered":"<p>Adresse:Rom Entertainment Network PO Box 700 227 D- 22002 Hamburg Tel.:&nbsp;+49 (0) 176 6094 9680 Email Facebook Youtube Datenschutzerkl\u00e4rung: Diese [&hellip;]<\/p>\n","protected":false},"author":2,"featured_media":0,"parent":0,"menu_order":0,"comment_status":"closed","ping_status":"closed","template":"","meta":{"footnotes":""},"aioseo_notices":[],"_links":{"self":[{"href":"https:\/\/roment.net\/index.php?rest_route=\/wp\/v2\/pages\/8"}],"collection":[{"href":"https:\/\/roment.net\/index.php?rest_route=\/wp\/v2\/pages"}],"about":[{"href":"https:\/\/roment.net\/index.php?rest_route=\/wp\/v2\/types\/page"}],"author":[{"embeddable":true,"href":"https:\/\/roment.net\/index.php?rest_route=\/wp\/v2\/users\/2"}],"replies":[{"embeddable":true,"href":"https:\/\/roment.net\/index.php?rest_route=%2Fwp%2Fv2%2Fcomments&post=8"}],"version-history":[{"count":6,"href":"https:\/\/roment.net\/index.php?rest_route=\/wp\/v2\/pages\/8\/revisions"}],"predecessor-version":[{"id":253,"href":"https:\/\/roment.net\/index.php?rest_route=\/wp\/v2\/pages\/8\/revisions\/253"}],"wp:attachment":[{"href":"https:\/\/roment.net\/index.php?rest_route=%2Fwp%2Fv2%2Fmedia&parent=8"}],"curies":[{"name":"wp","href":"https:\/\/api.w.org\/{rel}","templated":true}]}}